{"id":2,"date":"2022-07-13T11:28:54","date_gmt":"2022-07-13T14:28:54","guid":{"rendered":"https:\/\/www.portfolioprofissional.com.br\/pp\/?page_id=2"},"modified":"2025-05-26T16:47:43","modified_gmt":"2025-05-26T19:47:43","slug":"home","status":"publish","type":"page","link":"https:\/\/www.portfolioprofissional.com.br\/pp\/","title":{"rendered":"Home"},"content":{"rendered":"<p>                                                Encontre o profissional ideal<\/p>\n<p>Os melhores profissionais est\u00e3o aqui!<\/p>\n<p>                                                BUSCAR<\/p>\n<h2>Seu curr\u00edculo s\u00f3 tem uma chance de causar uma boa primeira impress\u00e3o<\/h2>\n<h2>E a primeira impress\u00e3o \u00e9 a que fica!<\/h2>\n<p> <img decoding=\"async\" id=\"thumb_66339bae32cebd000bf9c8d6\" src=\"https:\/\/images.converteai.net\/dc93f52c-2bb7-4a9a-8c59-118381309a8a\/players\/66339bae32cebd000bf9c8d6\/thumbnail.jpg\" style=\"position:absolute;top:0;left:0;width:100%;height:100%;object-fit:cover;display:block;\">    var s=document.createElement(&#8220;script&#8221;); s.src=&#8221;https:\/\/scripts.converteai.net\/dc93f52c-2bb7-4a9a-8c59-118381309a8a\/players\/66339bae32cebd000bf9c8d6\/player.js&#8221;, s.async=!0,document.head.appendChild(s);   .elementor-element:has(#smartplayer) { width: 100%; } <\/p>\n<h2>Divulgue a melhor vers\u00e3o do seu curr\u00edculo e conquiste mais entrevistas de emprego!<\/h2>\n<p><a href=\"#op3-element-Si7sAU1t\" class=\"op3-link op3-background-ancestor\" target=\"_self\"  data-op-action=\"jumpToElement\" data-op-select-funnel-step=\"\" data-op3-smooth-scroll=\"1\" data-op-effect-style=\"\" data-op-effect-style-hover=\"\" data-op-courseaction=\"\">QUERO MEU PORTFOLIO PROFISSIONAL AGORA<\/a><\/p>\n<h2>Mais de 70% dos curr\u00edculos n\u00e3o s\u00e3o aproveitados pelas empresas porque apresentam algum tipo de erro.<\/h2>\n<h2>O que isso quer dizer?&nbsp;<\/h2>\n<h2>Voc\u00ea pode estar perdendo reais oportunidades de emprego agora mesmo!<\/h2>\n<p style=\"text-align: center;\">Voc\u00ea se identifica com algumas das situa\u00e7\u00f5es abaixo?<\/p>\n<h2>?<\/h2>\n<p>J\u00e1 cadastrou seu curr\u00edculo em muitos lugares mas n\u00e3o recebe convites para entrevistas?<\/p>\n<h2>?<\/h2>\n<p>Voc\u00ea tem d\u00favidas ou n\u00e3o sabe como divulgar mais seu curr\u00edculo?<\/p>\n<h2>?<\/h2>\n<p>Tem d\u00favidas se seu curr\u00edculo est\u00e1 realmente atraente?<\/p>\n<h2>?<\/h2>\n<p>Gostaria de poder expor melhor sua carreira e experi\u00eancias profissionais?<\/p>\n<h2>?<\/h2>\n<p>Voc\u00ea n\u00e3o sabe como elaborar um curr\u00edculo atraente e diferenciado?<\/p>\n<h2>?<\/h2>\n<p>N\u00e3o sabe como se diferenciar em um mercado t\u00e3o competitivo?<\/p>\n<h2>?<\/h2>\n<p>Gostaria de saber como divulgar o curr\u00edculo corretamente e acelerar sua recoloca\u00e7\u00e3o profissional<\/p>\n<h2>?<\/h2>\n<p>Est\u00e1 cada vez mais desmotivado a continuar a busca por um novo emprego<\/p>\n<h2>Transforme sua realidade&nbsp;e<\/h2>\n<h2>aumente as chances de conquistar um novo emprego!<\/h2>\n<p><a href=\"#op3-element-Si7sAU1t\" class=\"op3-link op3-background-ancestor\" target=\"_self\"  data-op-action=\"jumpToElement\" data-op-select-funnel-step=\"\" data-op3-smooth-scroll=\"1\" data-op-effect-style=\"\" data-op-effect-style-hover=\"\" data-op-courseaction=\"\">QUERO MEU PORTFOLIO PROFISSIONAL AGORA<\/a><\/p>\n<h2>Atraia todas as aten\u00e7\u00f5es para seu curr\u00edculo com o&nbsp;<\/h2>\n<p><img loading=\"lazy\" decoding=\"async\" class=\"op3-element__image op3-element-image__image\" src=\"https:\/\/www.portfolioprofissional.com.br\/pp\/wp-content\/uploads\/2022\/09\/logo-v-fundobranco-transparente-croped.png\" alt=\"\" title=\"LOGO-V-FundoBranco-Transparente-croped\" width=\"705\" height=\"233\" data-op3-attachment-id=\"1407\" \/><\/p>\n<h2>Um conjunto de solu\u00e7\u00f5es que te auxilia a apresentar e distribuir seu curr\u00edculo, aumentando significativamente suas chances de conquistar um novo emprego no menor tempo poss\u00edvel!<\/h2>\n<p><img loading=\"lazy\" decoding=\"async\" class=\"op3-element__image op3-element-image__image\" src=\"https:\/\/www.portfolioprofissional.com.br\/pp\/wp-content\/uploads\/2022\/09\/imac-portfolio-profissional.png\" alt=\"\" title=\"imac-portfolio-profissional\" width=\"807\" height=\"646\" data-op3-attachment-id=\"1404\" \/><\/p>\n<h4>Curr\u00edculo bem estruturado e profissional<\/h4>\n<p>Voc\u00ea pode escolher entre in\u00fameros layouts o que mais combina com voc\u00ea e com a sua \u00e1rea de atua\u00e7\u00e3o, destacando suas qualidades e valorizando sua carreira!<\/p>\n<h4>Link exclusivo<\/h4>\n<p>Tendo o seu curr\u00edculo hospedado em um link personalizado e com suas informa\u00e7\u00f5es organizadas da maneira mais atraente poss\u00edvel, n\u00e3o haver\u00e1 distra\u00e7\u00f5es para o RH, que poder\u00e1 focar 100% em voc\u00ea! Escolha entre os links:&nbsp;www.curriculo.com.br\/seunome ou www.portfolioprofissional\/seunome<\/p>\n<h4>F\u00e1cil edi\u00e7\u00e3o e compartilhamento<\/h4>\n<p>Voc\u00ea poder\u00e1 editar o seu curr\u00edculo quantas vezes quiser, mantendo-o sempre atualizado ao divulgar seu link ilimitadamente<\/p>\n<h4>Sendo visto por mais empresas!<\/h4>\n<p>O seu curr\u00edculo poder\u00e1 ser encontrado nas maiores ferramentas de busca do mundo, como Google, Yahoo e Bing, al\u00e9m do portal Portfolio Profissional, onde in\u00fameras empresas visitam diariamente<\/p>\n<h2>A ferramenta que voc\u00ea precisa para chamar a aten\u00e7\u00e3o e despertar o interesse de quem contrata!<\/h2>\n<p><a href=\"#op3-element-Si7sAU1t\" class=\"op3-link op3-background-ancestor\" target=\"_self\"  data-op-action=\"jumpToElement\" data-op-select-funnel-step=\"\" data-op3-smooth-scroll=\"1\" data-op-effect-style=\"\" data-op-effect-style-hover=\"\" data-op-courseaction=\"\">QUERO MEU PORTFOLIO PROFISSIONAL AGORA<\/a><\/p>\n<h2>Centenas de profissionais j\u00e1 est\u00e3o inovando na forma de enviar curr\u00edculo para empresas<\/h2>\n<p>Contratei os servi\u00e7os da Curriculum duas vezes e com eles, em ambas as vezes, consegui me recolocar.&nbsp;Recentemente adquiri o Portfolio Profissional, a An\u00e1lise de Curr\u00edculo e o Curso de Recoloca\u00e7\u00e3o Profissional, e gra\u00e7as a eles consegui um novo emprego que me oferece muito mais oportunidade de crescimento, bem como quase dobrei o meu sal\u00e1rio.<\/p>\n<p>Quero agradecer \u00e0 Curriculum pelos valiosos servi\u00e7os que tanto nos ajudam.<\/p>\n<h2>Endrigo Bulk Cavalcante<\/h2>\n<h2>Por que voc\u00ea deve ter nosso Portfolio Profissional?<\/h2>\n<h2>Com mais de 20 anos de experi\u00eancia no mercado de Recoloca\u00e7\u00e3o Profissional, a Curriculum j\u00e1 ajudou centenas de milhares de candidatos a encontrar um novo emprego pois, por atuar tamb\u00e9m junto ao RH das empresas, sabe exatamente o que pensam e valorizam na hora de contratar<\/h2>\n<h2>A forma altamente eficiente de divulga\u00e7\u00e3o do Portfolio Profissional aliado ao profissionalismo da entrega e exibi\u00e7\u00e3o do curr\u00edculo em um ambiente sem nenhuma outra distra\u00e7\u00e3o, potencializam as chances de chamar a aten\u00e7\u00e3o e despertar o interesse para entrevistas presenciais!<\/h2>\n<h2>Etapas&nbsp;do processo<\/h2>\n<h2>1<\/h2>\n<h2>Adquira o seu Portfolio Profissional<\/h2>\n<p>O primeiro passo \u00e9 voc\u00ea garantir o seu Portfolio Profissional aqui mesmo nessa p\u00e1gina. Basta clicar no bot\u00e3o, preencher suas informa\u00e7\u00f5es e confirmar a compra<\/p>\n<h2>2<\/h2>\n<h2>Veja as dicas exclusivas sobre a ferramenta<\/h2>\n<p>Confira as dicas dadas por Marcelo Abrileri, fundador da Curriculum e especialista em Recoloca\u00e7\u00e3o Profissional, para voc\u00ea explorar todo o potencial do seu portf\u00f3lio<\/p>\n<h2>3<\/h2>\n<h2>Configure e elabore o seu portf\u00f3lio<\/h2>\n<p>Utilize a ferramenta para montar o seu curr\u00edculo ideal, com facilidade e apresenta\u00e7\u00e3o profissional e atraente<\/p>\n<h2>4<\/h2>\n<h2>Divulgue a melhor vers\u00e3o do seu curr\u00edculo<\/h2>\n<p>Compartilhe o seu link amplamente, trabalhando de maneira ativa na busca pelo seu novo emprego!<\/p>\n<h2>Destaque-se de seus concorrentes com o Portfolio Profissional!<\/h2>\n<p><a href=\"#op3-element-Si7sAU1t\" class=\"op3-link op3-background-ancestor\" target=\"_self\"  data-op-action=\"jumpToElement\" data-op-select-funnel-step=\"\" data-op3-smooth-scroll=\"1\" data-op-effect-style=\"\" data-op-effect-style-hover=\"\" data-op-courseaction=\"\">QUERO MEU PORTFOLIO PROFISSIONAL AGORA<\/a><\/p>\n<h2>Quanto custa perder oportunidades de emprego?<\/h2>\n<h2>Se voc\u00ea sonha em se recolocar, sabe muito bem a resposta.<\/h2>\n<h2>&nbsp;Invista na sua Recoloca\u00e7\u00e3o Profissional&nbsp; &nbsp;e diminua o tempo do desemprego&nbsp;<\/h2>\n<h2>Adquira agora o Portfolio Profissional com 25% de desconto e acelere a sua busca por um novo emprego!<\/h2>\n<h2>25% DE DESCONTO<\/h2>\n<h2>1 ano<\/h2>\n<h2>6x R$<\/h2>\n<h2>36<\/h2>\n<h2>,90<\/h2>\n<p>ou R$ 199,90 \u00e0 vista<\/p>\n<p><a href=\"https:\/\/www.curriculum.com.br\/candidatos-ferramentas\/portfolio\/comprar\/?p=5710\" class=\"op3-link op3-background-ancestor\" target=\"_self\"  data-op-action=\"link\" data-op-select-funnel-step=\"\" data-op3-smooth-scroll=\"1\" data-op-effect-style=\"\" data-op-effect-style-hover=\"\" data-op-courseaction=\"\">QUERO este<\/a><\/p>\n<h2>25% DE DESCONTO<\/h2>\n<h2>2 anos<\/h2>\n<h2>6x R$<\/h2>\n<h2>66<\/h2>\n<h2>,44<\/h2>\n<p>ou R$ 359,90 \u00e0 vista<\/p>\n<p><a href=\"https:\/\/www.curriculum.com.br\/candidatos-ferramentas\/portfolio\/comprar\/?p=5711\" class=\"op3-link op3-background-ancestor\" target=\"_self\"  data-op-action=\"link\" data-op-select-funnel-step=\"\" data-op3-smooth-scroll=\"1\" data-op-effect-style=\"\" data-op-effect-style-hover=\"\" data-op-courseaction=\"\">QUERO este<\/a><\/p>\n<h2>25% DE DESCONTO<\/h2>\n<h2>5 anos<\/h2>\n<h2>6x R$<\/h2>\n<h2>121<\/h2>\n<h2>,82<\/h2>\n<p>ou R$ 659,90 \u00e0 vista<\/p>\n<p><a href=\"https:\/\/www.curriculum.com.br\/candidatos-ferramentas\/portfolio\/comprar\/?p=5713\" class=\"op3-link op3-background-ancestor\" target=\"_self\"  data-op-action=\"link\" data-op-select-funnel-step=\"\" data-op3-smooth-scroll=\"1\" data-op-effect-style=\"\" data-op-effect-style-hover=\"\" data-op-courseaction=\"\">QUERO este<\/a><img loading=\"lazy\" decoding=\"async\" class=\"op3-element__image op3-element-image__image\" src=\"https:\/\/www.portfolioprofissional.com.br\/pp\/wp-content\/uploads\/2022\/09\/adc-s4.png\" alt=\"\" title=\"adc-s4\" width=\"269\" height=\"51\" data-op3-attachment-id=\"1094\" \/><\/p>\n<h2>Receba um B\u00f4nus exclusivo:Minicurso de Recoloca\u00e7\u00e3o Profissional<\/h2>\n<p><img loading=\"lazy\" decoding=\"async\" class=\"op3-element__image op3-element-image__image\" src=\"https:\/\/www.portfolioprofissional.com.br\/pp\/wp-content\/uploads\/2022\/09\/icon-mini-curso-rp-1-1-1.png\" alt=\"\" title=\"icon-mini-curso-rp\" width=\"502\" height=\"123\" data-op3-attachment-id=\"1231\" \/><\/p>\n<h2>Formado pelas 6 primeiras aulas do Curso de Recoloca\u00e7\u00e3o Profissional<\/h2>\n<p>Os principais termos e nomenclaturas utilizados pelo RH<\/p>\n<p>Uma vis\u00e3o completa sobre como \u00e9 o processo de Recrutamento e Sele\u00e7\u00e3o e como as empresas funcionam na hora de contratar<\/p>\n<p>Uma vis\u00e3o do processo de Recoloca\u00e7\u00e3o Profissional pelo lado dos candidatos, apresentando todas as etapas que precisam ser ultrapassadas por quem busca um emprego<\/p>\n<p>Detalhamento dos tipos de curr\u00edculos<\/p>\n<p><img loading=\"lazy\" decoding=\"async\" class=\"op3-element__image op3-element-image__image\" src=\"https:\/\/www.portfolioprofissional.com.br\/pp\/wp-content\/uploads\/2022\/09\/290713104-101328582642206-7672084741699631162-n-1-1.jpg\" alt=\"\" title=\"290713104_101328582642206_7672084741699631162_n\" width=\"875\" height=\"875\" data-op3-attachment-id=\"1458\" \/><\/p>\n<h2>Ministrado por Marcelo Abrileri,&nbsp;fundador e CEO da Curriculum e especialista em Recoloca\u00e7\u00e3o Profissional h\u00e1 mais de 20 anos!<\/h2>\n<p><a href=\"https:\/\/www.curriculum.com.br\/premium\/candidatos\/curso-recolocacao-profissional\/\" class=\"op3-link op3-background-ancestor\" target=\"_blank\"  data-op-action=\"link\" data-op-select-funnel-step=\"\" data-op3-smooth-scroll=\"1\" data-op-effect-style=\"\" data-op-effect-style-hover=\"\" data-op-courseaction=\"\">saiba mais sobre o curso completo<\/a><\/p>\n<h2>Adquira o Portfolio Profissional e aproveite o DESCONTO DE 25% + MINICURSO DE RECOLOCA\u00c7\u00c3O PROFISSIONAL<\/h2>\n<p><a href=\"#op3-element-Si7sAU1t\" class=\"op3-link op3-background-ancestor\" target=\"_self\"  data-op-action=\"jumpToElement\" data-op-select-funnel-step=\"\" data-op3-smooth-scroll=\"1\" data-op-effect-style=\"\" data-op-effect-style-hover=\"\" data-op-courseaction=\"\">QUERO O PORTFOLIO PROFISSIONAL + 25% DE DESCONTO + MINICURSO<\/a><\/p>\n<h2>Perguntas Frequentes<\/h2>\n<p>O que \u00e9 o Portfolio Profissional?<\/p>\n<p>\u00c9 um curr\u00edculo jamais visto e totalmente diferenciado, o qual voc\u00ea poder\u00e1 criar utilizando os melhores layouts e divulgar ilimitadamente a partir de um link exclusivo com o seu nome, por exemplo.<\/p>\n<p>Pra que serve o Portfolio Profissional?<\/p>\n<p>O Portfolio exibe o seu curr\u00edculo da maneira mais profissional e atraente poss\u00edvel, afim de chamar a aten\u00e7\u00e3o de quem contrata e aumentar suas chances de conquistar um emprego. Al\u00e9m disso, por ter seu curr\u00edculo em um link personalizado e de f\u00e1cil compartilhamento, ser\u00e1 poss\u00edvel que voc\u00ea o divulgue ativamente e acelere sua recoloca\u00e7\u00e3o profissional!<\/p>\n<p>Posso alterar meu Portfolio quando eu quiser?<\/p>\n<p>Sim. Durante o per\u00edodo que escolher, voc\u00ea poder\u00e1 editar seu curr\u00edculo e compartilh\u00e1-lo ilimitadamente!<\/p>\n<p>Comprei pela Hotmart e n\u00e3o sei como liberar a ferramenta<\/p>\n<p>Ap\u00f3s realizada a compra do produto pela Hotmart, voc\u00ea receber\u00e1 um e-mail com seu c\u00f3digo de ativa\u00e7\u00e3o e link da p\u00e1gina que deve acessar para utiliz\u00e1-lo. Isso feito, voc\u00ea precisar\u00e1 apenas logar ou se cadastrar em nosso site www.curriculum.com.br e acessar sua \u00e1rea de membros!<\/p>\n<p>O que \u00e9 a Curriculum?<\/p>\n<p>A Curriculum \u00e9 um dos maiores portais de empregos do Brasil, que re\u00fane tanto empresas quanto candidatos. Estamos h\u00e1 mais de 20 anos atuando na Recoloca\u00e7\u00e3o Profissional de milhares de candidatos e ajudando in\u00fameras empresas a encontrar os profissionais ideais para suas vagas!<\/p>\n<p>Quando meu b\u00f4nus ficar\u00e1 dispon\u00edvel?<\/p>\n<p>Assim que sua ferramenta for liberada na plataforma, voc\u00ea j\u00e1 poder\u00e1 acessar as aulas do Minicurso de Recoloca\u00e7\u00e3o Profissional, compreendendo melhor como os processos seletivos funcionam!<\/p>\n<p>Como \u00e9 o Minicurso de Recoloca\u00e7\u00e3o Profissional?<\/p>\n<p>O Minicurso de Recoloca\u00e7\u00e3o Profissional \u00e9 formado pelas 6 primeiras aulas do Curso de Recoloca\u00e7\u00e3o Profissional ministrado por Marcelo Abrileri, fundador e CEO da Curriculum e especialista em Recoloca\u00e7\u00e3o Profissional h\u00e1 mais de 20 anos. Caso queira ver o curso completo, com 40 aulas detalhadas, voc\u00ea deve adquir\u00ed-lo \u00e0 parte!<\/p>\n<h2>Ainda com D\u00favidas?<\/h2>\n<p>Entre em contato com a nossa equipe de atendimento:<\/p>\n<p><a href=\"https:\/\/www.curriculum.com.br\/whatsapp\" class=\"op3-link op3-background-ancestor\" target=\"_blank\"  data-op-action=\"link\" data-op-select-funnel-step=\"\" data-op3-smooth-scroll=\"0\" data-op-effect-style=\"\" data-op-effect-style-hover=\"\" data-op-courseaction=\"\">Quero falar com o suporte<\/a><\/p>\n","protected":false},"excerpt":{"rendered":"<p>Encontre o profissional ideal Os melhores profissionais est\u00e3o aqui! BUSCAR Seu curr\u00edculo s\u00f3 tem uma chance de causar uma boa primeira impress\u00e3o E a primeira impress\u00e3o \u00e9 a que fica! var s=document.createElement(&#8220;script&#8221;); s.src=&#8221;https:\/\/scripts.converteai.net\/dc93f52c-2bb7-4a9a-8c59-118381309a8a\/players\/66339bae32cebd000bf9c8d6\/player.js&#8221;, s.async=!0,document.head.appendChild(s); .elementor-element:has(#smartplayer) { width: 100%; } Divulgue a melhor vers\u00e3o do seu curr\u00edculo e conquiste mais entrevistas de emprego! QUERO MEU PORTFOLIO [&hellip;]<\/p>\n","protected":false},"author":1,"featured_media":0,"parent":0,"menu_order":0,"comment_status":"closed","ping_status":"open","template":"op_builder_blank","meta":{"inline_featured_image":false,"footnotes":""},"folder":[],"class_list":["post-2","page","type-page","status-publish","hentry"],"_links":{"self":[{"href":"https:\/\/www.portfolioprofissional.com.br\/pp\/wp-json\/wp\/v2\/pages\/2","targetHints":{"allow":["GET"]}}],"collection":[{"href":"https:\/\/www.portfolioprofissional.com.br\/pp\/wp-json\/wp\/v2\/pages"}],"about":[{"href":"https:\/\/www.portfolioprofissional.com.br\/pp\/wp-json\/wp\/v2\/types\/page"}],"author":[{"embeddable":true,"href":"https:\/\/www.portfolioprofissional.com.br\/pp\/wp-json\/wp\/v2\/users\/1"}],"replies":[{"embeddable":true,"href":"https:\/\/www.portfolioprofissional.com.br\/pp\/wp-json\/wp\/v2\/comments?post=2"}],"version-history":[{"count":18,"href":"https:\/\/www.portfolioprofissional.com.br\/pp\/wp-json\/wp\/v2\/pages\/2\/revisions"}],"predecessor-version":[{"id":64,"href":"https:\/\/www.portfolioprofissional.com.br\/pp\/wp-json\/wp\/v2\/pages\/2\/revisions\/64"}],"wp:attachment":[{"href":"https:\/\/www.portfolioprofissional.com.br\/pp\/wp-json\/wp\/v2\/media?parent=2"}],"wp:term":[{"taxonomy":"folder","embeddable":true,"href":"https:\/\/www.portfolioprofissional.com.br\/pp\/wp-json\/wp\/v2\/folder?post=2"}],"curies":[{"name":"wp","href":"https:\/\/api.w.org\/{rel}","templated":true}]}}